{"id":8283,"date":"2022-07-12T12:23:09","date_gmt":"2022-07-12T10:23:09","guid":{"rendered":"https:\/\/handyescape.com\/?page_id=8283"},"modified":"2022-07-12T13:17:22","modified_gmt":"2022-07-12T11:17:22","slug":"mentions-legales","status":"publish","type":"page","link":"https:\/\/handyescape.com\/index.php\/mentions-legales\/","title":{"rendered":"Mentions l\u00e9gales"},"content":{"rendered":"\t\t<div data-elementor-type=\"wp-page\" data-elementor-id=\"8283\" class=\"elementor elementor-8283\">\n\t\t\t\t\t\t\t\t\t<section class=\"elementor-section elementor-top-section elementor-element elementor-element-b91684f elementor-section-boxed elementor-section-height-default elementor-section-height-default\" data-id=\"b91684f\" data-element_type=\"section\">\n\t\t\t\t\t\t<div class=\"elementor-container elementor-column-gap-default\">\n\t\t\t\t\t<div class=\"elementor-column elementor-col-100 elementor-top-column elementor-element elementor-element-ad1e77e\" data-id=\"ad1e77e\" data-element_type=\"column\">\n\t\t\t<div class=\"elementor-widget-wrap elementor-element-populated\">\n\t\t\t\t\t\t\t\t<div class=\"elementor-element elementor-element-fe314ba elementor-widget elementor-widget-heading\" data-id=\"fe314ba\" data-element_type=\"widget\" data-widget_type=\"heading.default\">\n\t\t\t\t<div class=\"elementor-widget-container\">\n\t\t\t<style>\/*! elementor - v3.9.2 - 21-12-2022 *\/\n.elementor-heading-title{padding:0;margin:0;line-height:1}.elementor-widget-heading .elementor-heading-title[class*=elementor-size-]>a{color:inherit;font-size:inherit;line-height:inherit}.elementor-widget-heading .elementor-heading-title.elementor-size-small{font-size:15px}.elementor-widget-heading .elementor-heading-title.elementor-size-medium{font-size:19px}.elementor-widget-heading .elementor-heading-title.elementor-size-large{font-size:29px}.elementor-widget-heading .elementor-heading-title.elementor-size-xl{font-size:39px}.elementor-widget-heading .elementor-heading-title.elementor-size-xxl{font-size:59px}<\/style><h1 class=\"elementor-heading-title elementor-size-xl\">Mentions l\u00e9gales<\/h1>\t\t<\/div>\n\t\t\t\t<\/div>\n\t\t\t\t\t<\/div>\n\t\t<\/div>\n\t\t\t\t\t\t\t<\/div>\n\t\t<\/section>\n\t\t\t\t<section class=\"elementor-section elementor-top-section elementor-element elementor-element-79ed1d6f elementor-section-boxed elementor-section-height-default elementor-section-height-default\" data-id=\"79ed1d6f\" data-element_type=\"section\">\n\t\t\t\t\t\t<div class=\"elementor-container elementor-column-gap-default\">\n\t\t\t\t\t<div class=\"elementor-column elementor-col-100 elementor-top-column elementor-element elementor-element-5666b1af\" data-id=\"5666b1af\" data-element_type=\"column\">\n\t\t\t<div class=\"elementor-widget-wrap elementor-element-populated\">\n\t\t\t\t\t\t\t\t<div class=\"elementor-element elementor-element-40473eee elementor-widget elementor-widget-text-editor\" data-id=\"40473eee\" data-element_type=\"widget\" data-widget_type=\"text-editor.default\">\n\t\t\t\t<div class=\"elementor-widget-container\">\n\t\t\t<style>\/*! elementor - v3.9.2 - 21-12-2022 *\/\n.elementor-widget-text-editor.elementor-drop-cap-view-stacked .elementor-drop-cap{background-color:#818a91;color:#fff}.elementor-widget-text-editor.elementor-drop-cap-view-framed .elementor-drop-cap{color:#818a91;border:3px solid;background-color:transparent}.elementor-widget-text-editor:not(.elementor-drop-cap-view-default) .elementor-drop-cap{margin-top:8px}.elementor-widget-text-editor:not(.elementor-drop-cap-view-default) .elementor-drop-cap-letter{width:1em;height:1em}.elementor-widget-text-editor .elementor-drop-cap{float:left;text-align:center;line-height:1;font-size:50px}.elementor-widget-text-editor .elementor-drop-cap-letter{display:inline-block}<\/style>\t\t\t\t<header><strong>CONFORM\u00c9MENT AUX DISPOSITIONS DES ARTICLES 6-III ET 19 DE LA LOI N\u00b02004-575 DU 21 JUIN 2004 POUR LA CONFIANCE DANS L&rsquo;\u00c9CONOMIE NUM\u00c9RIQUE, DITE L.C.E.N., IL EST PORT\u00c9 \u00c0 LA CONNAISSANCE DES UTILISATEURS ET VISITEURS DU SITE HANDYESCAPE.COM LES PR\u00c9SENTES MENTIONS L\u00c9GALES.<\/strong><\/header><header><\/header><header><\/header><header><\/header><p style=\"text-align: left;\"><br \/>Le site HANDYESCAPE.com est accessible \u00e0 l&rsquo;adresse suivante : https:\/\/handyescape.com (ci-apr\u00e8s \u00ab\u00a0le Site\u00a0\u00bb). L&rsquo;acc\u00e8s et l&rsquo;utilisation du Site sont soumis aux pr\u00e9sentes \u00ab\u00a0Mentions l\u00e9gales\u00a0\u00bb d\u00e9taill\u00e9es ci-apr\u00e8s ainsi qu&rsquo;aux lois et\/ou r\u00e8glements applicables.<\/p><p style=\"text-align: left;\">La connexion, l&rsquo;utilisation et l&rsquo;acc\u00e8s \u00e0 ce Site impliquent l&rsquo;acceptation int\u00e9grale et sans r\u00e9serve de l&rsquo;internaute de toutes les dispositions des pr\u00e9sentes Mentions L\u00e9gales.<\/p><p style=\"text-align: left;\"><strong>ARTICLE 1 &#8211; INFORMATIONS L\u00c9GALES<\/strong><br \/>En vertu de l&rsquo;Article 6 de la Loi n\u00b0 2004-575 du 21 juin 2004 pour la confiance dans l&rsquo;\u00e9conomie num\u00e9rique, il est pr\u00e9cis\u00e9 dans cet article l&rsquo;identit\u00e9 des diff\u00e9rents intervenants dans le cadre de sa r\u00e9alisation et de son suivi.<\/p><p style=\"text-align: left;\">Le site HANDYESCAPE.com est \u00e9dit\u00e9 par :<br \/>HANDY ESCAPE S.A.S.<br \/>ayant son si\u00e8ge social \u00e0 l&rsquo;adresse suivante :<br \/>54 rue des Combes &#8211; 06800 CAGNES SUR MER &#8211; FRANCE,<br \/>immatricul\u00e9 sous le num\u00e9ro SIRET suivant\u00a0:<br \/>829 185 008 00010<br \/>T\u00e9l\u00e9phone : +33(0)6.71.22.29.15<br \/>Adresse e-mail : contact@handyescape.com<br \/>ci apr\u00e8s \u00ab\u00a0l&rsquo;\u00c9diteur\u00a0\u00bb<\/p><p style=\"text-align: left;\">Le Directeur de publication est :<br \/>M. CYRILLE CAVANNA<br \/>Adresse e-mail de contact : contact@handyescape.com<br \/>ci apr\u00e8s \u00ab\u00a0le Directeur de publication\u00a0\u00bb<\/p><p style=\"text-align: left;\">Le site HANDYESCAPE.com est h\u00e9berg\u00e9 par :<br \/>OVH<br \/>dont le si\u00e8ge est situ\u00e9 \u00e0 l&rsquo;adresse suivante :<br \/>2 rue Kellermann &#8211; 59100 ROUBAIX &#8211; FRANCE<br \/>T\u00e9l\u00e9phone : +33(0)9.72.10.10.07<br \/>ci apr\u00e8s \u00ab\u00a0l&rsquo;H\u00e9bergeur\u00a0\u00bb<\/p><p style=\"text-align: left;\">Sont consid\u00e9r\u00e9s comme utilisateurs tout les internautes qui naviguent, lisent, visionnent et utilisent le site HANDYESCAPE.com. ci apr\u00e8s les \u00ab\u00a0Utilisateurs\u00a0\u00bb<\/p><p style=\"text-align: left;\"><strong>ARTICLE 2 &#8211; ACCESSIBILIT\u00c9<\/strong><br \/>Le Site est par principe accessible aux utilisateurs 24\/24h et 7\/7j, sauf interruption, programm\u00e9e ou non, pour des besoins de maintenance ou en cas de force majeure. En cas d&rsquo;impossibilit\u00e9 d&rsquo;acc\u00e8s au Site, celui-ci s&rsquo;engage \u00e0 faire son maximum afin d&rsquo;en r\u00e9tablir l&rsquo;acc\u00e8s. Le Site ne saurait \u00eatre tenu pour responsable de tout dommage, quelle qu&rsquo;en soit la nature, r\u00e9sultant de son indisponibilit\u00e9.<\/p><p style=\"text-align: left;\"><strong>ARTICLE 3 &#8211; COLLECTE DE DONN\u00c9ES ET LOI INFORMATIQUE ET LIBERT\u00c9S<\/strong><br \/>Veuillez consulter la <a href=\"https:\/\/handyescape.com\/index.php\/politique-confidentialite\/\" target=\"_blank\" rel=\"noopener\">politique de confidentialit\u00e9<\/a> pour en apprendre davantage.<\/p><p style=\"text-align: left;\"><strong>ARTICLE 4 &#8211; POLITIQUE DE COOKIES<\/strong><br \/>Veuillez consulter la <a href=\"https:\/\/handyescape.com\/index.php\/politique-confidentialite\/\" target=\"_blank\" rel=\"noopener\">politique de confidentialit\u00e9<\/a> pour en apprendre davantage.<\/p><p style=\"text-align: left;\"><strong>ARTICLE 5 &#8211; LOI APPLICABLE ET JURIDICTION<\/strong><br \/>Les pr\u00e9sentes Mentions L\u00e9gales sont r\u00e9gies par la loi fran\u00e7aise. En cas de diff\u00e9rend et \u00e0 d\u00e9faut d&rsquo;accord amiable, le litige sera port\u00e9 devant les tribunaux fran\u00e7ais conform\u00e9ment aux r\u00e8gles de comp\u00e9tence en vigueur.<\/p><p style=\"text-align: left;\"><strong>ARTICLE 6 &#8211; CONTACT<\/strong><br \/>Pour tout signalement de contenus ou d&rsquo;activit\u00e9s illicites, l&rsquo;Utilisateur peut contacter l&rsquo;\u00c9diteur \u00e0 l&rsquo;adresse suivante : contact@handyescape.com, ou par courrier recommand\u00e9 avec avis de r\u00e9ception adress\u00e9 \u00e0 l&rsquo;\u00c9diteur aux coordonn\u00e9es pr\u00e9cis\u00e9es \u00e0 l\u2019article 1 des pr\u00e9sentes mentions l\u00e9gales.<\/p>\t\t\t\t\t\t<\/div>\n\t\t\t\t<\/div>\n\t\t\t\t\t<\/div>\n\t\t<\/div>\n\t\t\t\t\t\t\t<\/div>\n\t\t<\/section>\n\t\t\t\t\t\t\t<\/div>\n\t\t","protected":false},"excerpt":{"rendered":"<p>Mentions l\u00e9gales CONFORM\u00c9MENT AUX DISPOSITIONS DES ARTICLES 6-III ET 19 DE LA LOI N\u00b02004-575 DU 21 JUIN 2004 POUR LA CONFIANCE DANS L&rsquo;\u00c9CONOMIE NUM\u00c9RIQUE, DITE L.C.E.N., IL EST PORT\u00c9 \u00c0 LA CONNAISSANCE DES UTILISATEURS ET VISITEURS DU SITE HANDYESCAPE.COM LES PR\u00c9SENTES MENTIONS L\u00c9GALES. Le site HANDYESCAPE.com est accessible \u00e0 l&rsquo;adresse suivante : https:\/\/handyescape.com (ci-apr\u00e8s \u00ab\u00a0le [&hellip;]<\/p>\n","protected":false},"author":1,"featured_media":0,"parent":0,"menu_order":0,"comment_status":"closed","ping_status":"closed","template":"","meta":[],"yst_prominent_words":[214,220,213,223,225,216,210,218,226,217,221,209,219,224,211,212,207,215,208,222],"_links":{"self":[{"href":"https:\/\/handyescape.com\/index.php\/wp-json\/wp\/v2\/pages\/8283"}],"collection":[{"href":"https:\/\/handyescape.com\/index.php\/wp-json\/wp\/v2\/pages"}],"about":[{"href":"https:\/\/handyescape.com\/index.php\/wp-json\/wp\/v2\/types\/page"}],"author":[{"embeddable":true,"href":"https:\/\/handyescape.com\/index.php\/wp-json\/wp\/v2\/users\/1"}],"replies":[{"embeddable":true,"href":"https:\/\/handyescape.com\/index.php\/wp-json\/wp\/v2\/comments?post=8283"}],"version-history":[{"count":15,"href":"https:\/\/handyescape.com\/index.php\/wp-json\/wp\/v2\/pages\/8283\/revisions"}],"predecessor-version":[{"id":8354,"href":"https:\/\/handyescape.com\/index.php\/wp-json\/wp\/v2\/pages\/8283\/revisions\/8354"}],"wp:attachment":[{"href":"https:\/\/handyescape.com\/index.php\/wp-json\/wp\/v2\/media?parent=8283"}],"wp:term":[{"taxonomy":"yst_prominent_words","embeddable":true,"href":"https:\/\/handyescape.com\/index.php\/wp-json\/wp\/v2\/yst_prominent_words?post=8283"}],"curies":[{"name":"wp","href":"https:\/\/api.w.org\/{rel}","templated":true}]}}